{"id":17149,"date":"2020-03-02T23:33:27","date_gmt":"2020-03-02T23:33:27","guid":{"rendered":"https:\/\/demo29.houzez.co\/?page_id=17149"},"modified":"2020-03-02T23:33:27","modified_gmt":"2020-03-02T23:33:27","slug":"sorgulama-formu","status":"publish","type":"page","link":"https:\/\/estatly.ae\/tr\/sorgulama-formu\/","title":{"rendered":"Sorgulama Formu"},"content":{"rendered":"<div data-elementor-type=\"wp-page\" data-elementor-id=\"17149\" class=\"elementor elementor-17149\">\n\t\t\t\t\t\t<section class=\"elementor-section elementor-top-section elementor-element elementor-element-5ec2734 elementor-section-boxed elementor-section-height-default elementor-section-height-default\" data-id=\"5ec2734\" data-element_type=\"section\">\n\t\t\t\t\t\t<div class=\"elementor-container elementor-column-gap-default\">\n\t\t\t\t\t<div class=\"elementor-column elementor-col-100 elementor-top-column elementor-element elementor-element-e1bd41f\" data-id=\"e1bd41f\" data-element_type=\"column\">\n\t\t\t<div class=\"elementor-widget-wrap elementor-element-populated\">\n\t\t\t\t\t\t<div class=\"elementor-element elementor-element-49cbafe elementor-widget elementor-widget-houzez_elementor_space\" data-id=\"49cbafe\" data-element_type=\"widget\" data-widget_type=\"houzez_elementor_space.default\">\n\t\t\t\t<div class=\"elementor-widget-container\">\n\t\t\t\t\t        <div class=\"houzez-spacer\">\n            <div class=\"houzez-spacer-inner\"><\/div>\n        <\/div>\n        \t\t\t\t<\/div>\n\t\t\t\t<\/div>\n\t\t\t\t<section class=\"elementor-section elementor-inner-section elementor-element elementor-element-6efd58c animated-slow elementor-section-boxed elementor-section-height-default elementor-section-height-default elementor-invisible\" data-id=\"6efd58c\" data-element_type=\"section\" data-settings=\"{&quot;background_background&quot;:&quot;classic&quot;,&quot;animation&quot;:&quot;fadeIn&quot;}\">\n\t\t\t\t\t\t<div class=\"elementor-container elementor-column-gap-no\">\n\t\t\t\t\t<div class=\"elementor-column elementor-col-100 elementor-inner-column elementor-element elementor-element-856004d\" data-id=\"856004d\" data-element_type=\"column\">\n\t\t\t<div class=\"elementor-widget-wrap elementor-element-populated\">\n\t\t\t\t\t\t<div class=\"elementor-element elementor-element-8ff1404 elementor-widget elementor-widget-text-editor\" data-id=\"8ff1404\" data-element_type=\"widget\" data-widget_type=\"text-editor.default\">\n\t\t\t\t<div class=\"elementor-widget-container\">\n\t\t\t\t\t\t\t\t\t<h3>\u00d6zel Sorgulama Formu<\/h3><p>Sorgulama Formu widget'\u0131, potansiyel m\u00fc\u015fterilerinizi yakalamak i\u00e7in benzersiz formlar tasarlaman\u0131za olanak tan\u0131r. Bu form, her \u015feyin yolunda gitmesi i\u00e7in entegre Houzez CRM ve e-posta gelen kutunuza otomatik olarak ba\u011flan\u0131r.<\/p>\t\t\t\t\t\t\t\t<\/div>\n\t\t\t\t<\/div>\n\t\t\t\t<div class=\"elementor-element elementor-element-42f882c elementor-button-align-stretch elementor-widget elementor-widget-houzez_elementor_inquiry_form\" data-id=\"42f882c\" data-element_type=\"widget\" data-widget_type=\"houzez_elementor_inquiry_form.default\">\n\t\t\t\t<div class=\"elementor-widget-container\">\n\t\t\t\t\t\n        <script type=\"application\/javascript\">\n            jQuery(document).bind(\"ready\", function () {\n                houzezValidateElementor(\"#houzez-form-42f882c\" );\n            });\n        <\/script>\n\n\n        <form class=\"elementor-form houzez-ele-form-js\" id=\"houzez-form-42f882c\" method=\"post\" name=\"New Form\" action=\"https:\/\/estatly.ae\/wp-admin\/admin-ajax.php\">\n            <input type=\"hidden\" name=\"form_id\" value=\"42f882c\"\/>\n            <input type=\"hidden\" name=\"action\" value=\"houzez_ele_inquiry_form\" \/>\n            <input type=\"hidden\" name=\"source_link\" value=\"https:\/\/estatly.ae\/tr\/sorgulama-formu\/\" \/>\n            <input type=\"hidden\" name=\"lead_page_id\" value=\"17149\" \/>\n            <input type=\"hidden\" name=\"is_estimation\" value=\"yes\" \/>\n            <input type=\"hidden\" name=\"webhook\" value=\"false\" \/>\n            <input type=\"hidden\" name=\"webhook_url\" value=\"\" \/>\n            <input type=\"hidden\" name=\"redirect_to\" value=\"\" \/>\n            <input type=\"hidden\" name=\"google_recaptcha\" value=\"yes\" \/>\n\n            <div class=\"elementor-form-fields-wrapper elementor-labels-above\">\n\n                                    <div class=\"elementor-field-group elementor-column form-group elementor-field-group-ba6c34c elementor-col-100 elementor-field-required\">\n                    <label for=\"form-field-ba6c34c\" class=\"elementor-field-label\">Sorgulama T\u00fcr\u00fc<\/label>        <div class=\"elementor-field elementor-select-wrapper\">\n            <select name=\"enquiry_type\" id=\"form-field-ba6c34c\" class=\"elementor-field-textual form-control elementor-size-md\" required=\"required\" title=\"* Sorgulama T\u00fcr\u00fc\">\n                <option value=\"\">Se\u00e7iniz<\/option><option value=\"Purchase\">Purchase<\/value><option value=\"Rent\"> Rent<\/value><option value=\"Sell\"> Sell<\/value><option value=\"Miss\"> Miss<\/value><option value=\"Evaluation\"> Evaluation<\/value><option value=\"Mortgage\"> Mortgage<\/value>            <\/select>\n        <\/div>\n                            <\/div>\n\n                                        <div class=\"elementor-field-group elementor-column form-group elementor-field-group-b7fe77d elementor-col-100 elementor-field-required\">\n                    <label for=\"form-field-b7fe77d\" class=\"elementor-field-label\">Bilgi<\/label>        <div class=\"elementor-field elementor-select-wrapper\">\n            <select name=\"user_type\" id=\"form-field-b7fe77d\" class=\"elementor-field-textual form-control elementor-size-md\" required=\"required\" title=\"* Bilgi\">\n                <option value=\"\">Ben bir <\/option><option value=\"I&#039;m a real estate agent\">Ben bir emlak\u00e7\u0131y\u0131m.<\/option><option value=\"I&#039;m a property owner\">Ben bir m\u00fclk sahibiyim<\/option>            <\/select>\n        <\/div>\n                            <\/div>\n\n                                        <div class=\"elementor-field-group elementor-column form-group elementor-field-group-cc6b92f elementor-col-50 elementor-field-required\">\n                    <input type=\"text\" name=\"first_name\" id=\"form-field-cc6b92f\" class=\"elementor-field form-control elementor-size-md elementor-field-textual\" placeholder=\"\u0130lk \u0130sim\" title=\"* \u0130lk \u0130sim\" required=\"required\">                    <\/div>\n\n                                        <div class=\"elementor-field-group elementor-column form-group elementor-field-group-3cc124e elementor-col-50\">\n                    <input type=\"text\" name=\"last_name\" id=\"form-field-3cc124e\" class=\"elementor-field form-control elementor-size-md elementor-field-textual\" placeholder=\"Soyad\u0131\" title=\"* Soyad\u0131\">                    <\/div>\n\n                                        <div class=\"elementor-field-group elementor-column form-group elementor-field-group-932d82c elementor-col-50 elementor-field-required\">\n                    <input type=\"email\" name=\"email\" id=\"form-field-932d82c\" class=\"elementor-field form-control elementor-size-md elementor-field-textual\" placeholder=\"E-posta Adresi\" title=\"* E-posta Adresi\" required=\"required\">                    <\/div>\n\n                                        <div class=\"elementor-field-group elementor-column form-group elementor-field-group-304b68f elementor-col-50 elementor-field-required\">\n                    <input type=\"text\" name=\"mobile\" id=\"form-field-304b68f\" class=\"elementor-field form-control elementor-size-md elementor-field-textual\" placeholder=\"Mobil\" title=\"* Mobil\" required=\"required\">                    <\/div>\n\n                                        <div class=\"elementor-field-group elementor-column form-group elementor-field-group-bf1d035 elementor-col-33 elementor-field-required\">\n                    <label for=\"form-field-bf1d035\" class=\"elementor-field-label\">Konum<\/label>        <div class=\"elementor-field elementor-select-wrapper\">\n            <select name=\"e_meta[city]\" id=\"form-field-bf1d035\" class=\"elementor-field-textual form-control elementor-size-md\" required=\"required\" title=\"* Konum\">\n                <option value=\"\">\u015eehir Se\u00e7iniz<\/option><option data-ref=\"abu-dhabi\" data-belong=\"abu-dhabi\" value=\"abu-dhabi\"> Abu Dabi<\/option><option data-ref=\"ajman\" data-belong=\"\" value=\"ajman\"> Ajman<\/option><option data-ref=\"al-hamriyah\" data-belong=\"sharjah\" value=\"al-hamriyah\"> Al Hamriyah<\/option><option data-ref=\"dubai\" data-belong=\"dubai\" value=\"dubai\"> Dubai<\/option><option data-ref=\"ras-al-khaimah\" data-belong=\"ras-al-khaimah\" value=\"ras-al-khaimah\"> Ras Al Khaimah<\/option><option data-ref=\"schardscha\" data-belong=\"schardscha\" value=\"schardscha\"> Sharjah<\/option><option data-ref=\"sharjah\" data-belong=\"sharjah\" value=\"sharjah\"> Sharjah<\/option><option data-ref=\"yiti\" data-belong=\"muscat-governorate\" value=\"yiti\"> Yiti<\/option><option data-ref=\"\u062f\u0628\u064a\" data-belong=\"\u062f\u0628\u064a\" value=\"\u062f\u0628\u064a\"> \u062f\u0628\u064a<\/option>            <\/select>\n        <\/div>\n                            <\/div>\n\n                                        <div class=\"elementor-field-group elementor-column form-group elementor-field-group-d2cd125 elementor-col-33 elementor-field-required\">\n                    <label for=\"form-field-d2cd125\" class=\"elementor-field-label\">&nbsp;<\/label>        <div class=\"elementor-field elementor-select-wrapper\">\n            <select name=\"e_meta[area]\" id=\"form-field-d2cd125\" class=\"elementor-field-textual form-control elementor-size-md\" required=\"required\" title=\"* Alan Se\u00e7iniz\">\n                <option value=\"\">Alan Se\u00e7iniz<\/option><option data-ref=\"al-barsha\" data-belong=\"dubai\" value=\"al-barsha\"> Al Barsha<\/option><option data-ref=\"al-barsha-south\" data-belong=\"dubai\" value=\"al-barsha-south\"> Al Barsha G\u00fcney<\/option><option data-ref=\"al-hamriya\" data-belong=\"dubai\" value=\"al-hamriya\"> Al Hamriya<\/option><option data-ref=\"al-heerah-suburb\" data-belong=\"sharjah\" value=\"al-heerah-suburb\"> Al Heerah Banliy\u00f6s\u00fc<\/option><option data-ref=\"al-quoz\" data-belong=\"dubai\" value=\"al-quoz\"> Al Quoz<\/option><option data-ref=\"bur-dubai\" data-belong=\"dubai\" value=\"bur-dubai\"> Bur Dubai<\/option><option data-ref=\"business-bay\" data-belong=\"dubai\" value=\"business-bay\"> Business Bay<\/option><option data-ref=\"damac-hills\" data-belong=\"dubai\" value=\"damac-hills\"> DAMAC Hills<\/option><option data-ref=\"deira\" data-belong=\"dubai\" value=\"deira\"> Deira<\/option><option data-ref=\"downtown-dubai\" data-belong=\"dubai\" value=\"downtown-dubai\"> Dubai \u015eehir Merkezi<\/option><option data-ref=\"dubai-creek-harbour\" data-belong=\"dubai\" value=\"dubai-creek-harbour\"> Dubai Creek Liman\u0131<\/option><option data-ref=\"dubai-international-marine-club\" data-belong=\"dubai\" value=\"dubai-international-marine-club\"> Dubai Uluslararas\u0131 Denizcilik Kul\u00fcb\u00fc<\/option><option data-ref=\"dubai-internet-city\" data-belong=\"\" value=\"dubai-internet-city\"> Dubai \u0130nternet \u015eehri<\/option><option data-ref=\"dubai-land-residence-complex\" data-belong=\"dubai\" value=\"dubai-land-residence-complex\"> Dubai Land Konut Kompleksi<\/option><option data-ref=\"dubai-marina\" data-belong=\"dubai\" value=\"dubai-marina\"> Dubai Marina<\/option><option data-ref=\"dubai-silicon-oasis\" data-belong=\"dubai\" value=\"dubai-silicon-oasis\"> Dubai Silikon Vahas\u0131<\/option><option data-ref=\"front\" data-belong=\"dubai\" value=\"front\"> \u00d6n<\/option><option data-ref=\"golf-city\" data-belong=\"dubai\" value=\"golf-city\"> Golf \u015eehri<\/option><option data-ref=\"jaddaf-waterfront\" data-belong=\"dubai\" value=\"jaddaf-waterfront\"> Jaddaf Waterfront<\/option><option data-ref=\"jumeirah\" data-belong=\"dubai\" value=\"jumeirah\"> Jumeirah<\/option><option data-ref=\"jumeirah-heights\" data-belong=\"dubai\" value=\"jumeirah-heights\"> Jumeirah Heights<\/option><option data-ref=\"nad-al-sheba-1\" data-belong=\"dubai\" value=\"nad-al-sheba-1\"> Nad Al Sheba 1<\/option><option data-ref=\"palm-jumeirah\" data-belong=\"dubai\" value=\"palm-jumeirah\"> Palm Jumeirah<\/option><option data-ref=\"phase-5\" data-belong=\"dubai\" value=\"phase-5\"> A\u015fama 5<\/option><option data-ref=\"plation-equestrian-polo-club\" data-belong=\"dubai\" value=\"plation-equestrian-polo-club\"> Plation Binicilik ve Polo Kul\u00fcb\u00fc<\/option><option data-ref=\"riverside\" data-belong=\"dubai\" value=\"riverside\"> Riverside<\/option><option data-ref=\"seasons-community\" data-belong=\"dubai\" value=\"seasons-community\"> Seasons Toplulu\u011fu<\/option><option data-ref=\"trade-centre-1\" data-belong=\"dubai\" value=\"trade-centre-1\"> Ticaret Merkezi 1<\/option><option data-ref=\"umm-suqeim-3\" data-belong=\"dubai\" value=\"umm-suqeim-3\"> Umm Suqeim 3<\/option><option data-ref=\"up-town-motor-city\" data-belong=\"dubai\" value=\"up-town-motor-city\"> Up Town Motor City<\/option><option data-ref=\"\u062c\u0646\u0648\u0628-\u0627\u0644\u0628\u0631\u0634\u0627\u0621\" data-belong=\"\u062f\u0628\u064a\" value=\"\u062c\u0646\u0648\u0628-\u0627\u0644\u0628\u0631\u0634\u0627\u0621\"> \u062c\u0646\u0648\u0628 \u0627\u0644\u0628\u0631\u0634\u0627\u0621<\/option><option data-ref=\"\u062f\u0627\u0645\u0627\u0643-\u0647\u064a\u0644\u0632\" data-belong=\"\u062f\u0628\u064a\" value=\"\u062f\u0627\u0645\u0627\u0643-\u0647\u064a\u0644\u0632\"> \u062f\u0627\u0645\u0627\u0643 \u0647\u064a\u0644\u0632<\/option>            <\/select>\n        <\/div>\n                            <\/div>\n\n                                        <div class=\"elementor-field-group elementor-column form-group elementor-field-group-9ed83fe elementor-col-33 elementor-field-required\">\n                    <label for=\"form-field-9ed83fe\" class=\"elementor-field-label\">&nbsp;<\/label>        <div class=\"elementor-field elementor-select-wrapper\">\n            <select name=\"e_meta[state]\" id=\"form-field-9ed83fe\" class=\"elementor-field-textual form-control elementor-size-md\" required=\"required\" title=\"* Eyalet Se\u00e7iniz\">\n                <option value=\"\">Eyalet Se\u00e7iniz<\/option><option data-ref=\"abu-dhabi\" data-belong=\"vereinigte-arabische-emirate\" value=\"abu-dhabi\"> Abu Dabi<\/option><option data-ref=\"dubai\" data-belong=\"vereinigte-arabische-emirate\" value=\"dubai\"> Dubai<\/option><option data-ref=\"muscat-governorate\" data-belong=\"oman\" value=\"muscat-governorate\"> Maskat Valili\u011fi<\/option><option data-ref=\"ras-al-chaima\" data-belong=\"vereinigte-arabische-emirate\" value=\"ras-al-chaima\"> Ra's al-Chaima<\/option><option data-ref=\"ras-al-khaimah\" data-belong=\"vereinigte-arabische-emirate\" value=\"ras-al-khaimah\"> Ras al Khaimah<\/option><option data-ref=\"schardscha\" data-belong=\"vereinigte-arabische-emirate\" value=\"schardscha\"> Sharjah<\/option><option data-ref=\"sharjah\" data-belong=\"vereinigte-arabische-emirate\" value=\"sharjah\"> Sharjah<\/option><option data-ref=\"\u062f\u0628\u064a\" data-belong=\"vereinigte-arabische-emirate\" value=\"\u062f\u0628\u064a\"> \u062f\u0628\u064a<\/option>            <\/select>\n        <\/div>\n                            <\/div>\n\n                                        <div class=\"elementor-field-group elementor-column form-group elementor-field-group-28a8adb elementor-col-50 elementor-field-required\">\n                            <div class=\"elementor-field elementor-select-wrapper\">\n            <select name=\"e_meta[country]\" id=\"form-field-28a8adb\" class=\"elementor-field-textual form-control elementor-size-md\" required=\"required\" title=\"* \u00dclke Se\u00e7iniz\">\n                <option value=\"\">\u00dclke Se\u00e7iniz<\/option><option data-ref=\"oman\" value=\"oman\"> Umman<\/option><option data-ref=\"united-arab-emirates\" value=\"united-arab-emirates\"> Birle\u015fik Arap Emirlikleri<\/option><option data-ref=\"vereinigte-arabische-emirate\" value=\"vereinigte-arabische-emirate\"> Birle\u015fik Arap Emirlikleri<\/option><option data-ref=\"vereinigte-arabische-emiraten\" value=\"vereinigte-arabische-emiraten\"> Birle\u015fik Arap Emirlikleri<\/option>            <\/select>\n        <\/div>\n                            <\/div>\n\n                                        <div class=\"elementor-field-group elementor-column form-group elementor-field-group-f0ee6fc elementor-col-50 elementor-field-required\">\n                    <input type=\"text\" name=\"e_meta[zipcode]\" id=\"form-field-f0ee6fc\" class=\"elementor-field form-control elementor-size-md elementor-field-textual\" placeholder=\"Posta kodu\" title=\"* Posta kodu\" required=\"required\">                    <\/div>\n\n                                        <div class=\"elementor-field-group elementor-column form-group elementor-field-group-3180222 elementor-col-100 elementor-field-required\">\n                    <label for=\"form-field-3180222\" class=\"elementor-field-label\">M\u00fclkiyet<\/label>        <div class=\"elementor-field elementor-select-wrapper\">\n            <select name=\"e_meta[property_type]\" id=\"form-field-3180222\" class=\"elementor-field-textual form-control elementor-size-md\" required=\"required\" title=\"* M\u00fclkiyet\">\n                <option value=\"\">Tip se\u00e7in<\/option><option value=\"gewerblich\"> Ticari<\/option><option value=\"buero\">- Ofis<\/option><option value=\"laden\">- Y\u00fckleniyor<\/option><option value=\"wohnung\"> D\u00fcz<\/option><option value=\"appartement\">- D\u00fcz<\/option><option value=\"atelier\">- St\u00fcdyo<\/option><option value=\"eigentumswohnung\">- Kat M\u00fclkiyeti<\/option><option value=\"einfamilienhaus\">- M\u00fcstakil ev<\/option><option value=\"penthouse\">- \u00c7at\u0131 kat\u0131<\/option><option value=\"villa\">- Villa<\/option>            <\/select>\n        <\/div>\n                            <\/div>\n\n                                        <div class=\"elementor-field-group elementor-column form-group elementor-field-group-c549d17 elementor-col-50 elementor-field-required\">\n                    <input type=\"number\" name=\"e_meta[price]\" id=\"form-field-c549d17\" class=\"elementor-field form-control elementor-size-md elementor-field-textual\" placeholder=\"Maksimum fiyat\" title=\"* Maksimum fiyat\" required=\"required\" min=\"0\">                    <\/div>\n\n                                        <div class=\"elementor-field-group elementor-column form-group elementor-field-group-e08cbcb elementor-col-50 elementor-field-required\">\n                    <input type=\"number\" name=\"e_meta[area-size]\" id=\"form-field-e08cbcb\" class=\"elementor-field form-control elementor-size-md elementor-field-textual\" placeholder=\"Minimum boyut (Sq Ft)\" title=\"* Minimum boyut (Sq Ft)\" required=\"required\" min=\"0\">                    <\/div>\n\n                                        <div class=\"elementor-field-group elementor-column form-group elementor-field-group-66cc0de elementor-col-50 elementor-field-required\">\n                    <input type=\"number\" name=\"e_meta[beds]\" id=\"form-field-66cc0de\" class=\"elementor-field form-control elementor-size-md elementor-field-textual\" placeholder=\"Yatak say\u0131s\u0131\" title=\"* Yatak say\u0131s\u0131\" required=\"required\" min=\"0\">                    <\/div>\n\n                                        <div class=\"elementor-field-group elementor-column form-group elementor-field-group-dea086f elementor-col-50 elementor-field-required\">\n                    <input type=\"number\" name=\"e_meta[baths]\" id=\"form-field-dea086f\" class=\"elementor-field form-control elementor-size-md elementor-field-textual\" placeholder=\"Banyo say\u0131s\u0131\" title=\"* Banyo say\u0131s\u0131\" required=\"required\" min=\"0\">                    <\/div>\n\n                                        <div class=\"elementor-field-group elementor-column form-group elementor-field-group-95c61a9 elementor-col-100\">\n                    <label for=\"form-field-95c61a9\" class=\"elementor-field-label\">Mesaj<\/label><textarea class=\"elementor-field-textual elementor-field elementor-size-md\" name=\"message\" id=\"form-field-95c61a9\" rows=\"4\"><\/textarea>                    <\/div>\n\n                    \n                    \n                                        <div class=\"houzez-gdpr-agreement elementor-field-group elementor-col-100\">\n                        <label for=\"gdpr_agreement\" class=\"elementor-field-label\">GDPR S\u00f6zle\u015fmesi<\/label>\n                        <div class=\"gdpr-agreement-subgroup\">\n                            <span class=\"gdpr-field-option\">\n                                <label class=\"gdpr-text\" for=\"gdpr_agreement\">\n                                    <input required type=\"checkbox\" title=\"* GDPR S\u00f6zle\u015fmesi\" name=\"gdpr_agreement\" id=\"gdpr_agreement\">  Bu web sitesinin g\u00f6nderilen bilgilerimi saklamas\u0131na izin veriyorum                                <\/label>\n                            <\/span>\n                        <\/div>             \n                    <\/div>\n                    \n                                        <div class=\"elementor-field-group\">\n                        <div class=\"form-group captcha_wrapper houzez-grecaptcha-v2\">\n    <div class=\"houzez_google_reCaptcha\"><\/div>\n<\/div>\n                    <\/div>\n                    \n                    <div class=\"elementor-field-group elementor-column elementor-field-type-submit elementor-col-100\">\n                    <button type=\"submit\" class=\"houzez-submit-button houzez-contact-form-js elementor-button elementor-size-md\">\n                        <i class=\"btn-loader houzez-loader-js\"><\/i>\n                                                    G\u00f6nder                                            <\/button>\n                <\/div>\n            <\/div><!-- End wrapper-->\n            <br\/>\n            <div class=\"ele-form-messages\"><\/div>\n            <div class=\"error-container\"><\/div>\n\n        <\/form>\n\n    \t\t\t\t<\/div>\n\t\t\t\t<\/div>\n\t\t\t\t\t<\/div>\n\t\t<\/div>\n\t\t\t\t\t<\/div>\n\t\t<\/section>\n\t\t\t\t<div class=\"elementor-element elementor-element-eb5dd10 elementor-widget elementor-widget-spacer\" data-id=\"eb5dd10\" data-element_type=\"widget\" data-widget_type=\"spacer.default\">\n\t\t\t\t<div class=\"elementor-widget-container\">\n\t\t\t\t\t\t\t<div class=\"elementor-spacer\">\n\t\t\t<div class=\"elementor-spacer-inner\"><\/div>\n\t\t<\/div>\n\t\t\t\t\t\t<\/div>\n\t\t\t\t<\/div>\n\t\t\t\t\t<\/div>\n\t\t<\/div>\n\t\t\t\t\t<\/div>\n\t\t<\/section>\n\t\t\t\t<\/div>","protected":false},"excerpt":{"rendered":"<p>Custom Inquiry Form The Inquiry Form widget allows you to design unique forms to capture your leads. This form automatically connects with the integrated Houzez CRM and your email inbox to keep everything on track. Inquiry Type SelectPurchase Rent Sell Miss Evaluation Mortgage Information I&#039;m a I&#039;m a real estate agentI&#039;m a property owner Location [&hellip;]<\/p>","protected":false},"author":1,"featured_media":0,"parent":0,"menu_order":0,"comment_status":"closed","ping_status":"closed","template":"template\/template-homepage.php","meta":{"_acf_changed":false,"content-type":"","footnotes":""},"class_list":["post-17149","page","type-page","status-publish","hentry"],"acf":[],"jetpack_sharing_enabled":true,"_links":{"self":[{"href":"https:\/\/estatly.ae\/tr\/wp-json\/wp\/v2\/pages\/17149","targetHints":{"allow":["GET"]}}],"collection":[{"href":"https:\/\/estatly.ae\/tr\/wp-json\/wp\/v2\/pages"}],"about":[{"href":"https:\/\/estatly.ae\/tr\/wp-json\/wp\/v2\/types\/page"}],"author":[{"embeddable":true,"href":"https:\/\/estatly.ae\/tr\/wp-json\/wp\/v2\/users\/1"}],"replies":[{"embeddable":true,"href":"https:\/\/estatly.ae\/tr\/wp-json\/wp\/v2\/comments?post=17149"}],"version-history":[{"count":0,"href":"https:\/\/estatly.ae\/tr\/wp-json\/wp\/v2\/pages\/17149\/revisions"}],"wp:attachment":[{"href":"https:\/\/estatly.ae\/tr\/wp-json\/wp\/v2\/media?parent=17149"}],"curies":[{"name":"wp","href":"https:\/\/api.w.org\/{rel}","templated":true}]}}